{"id":16,"date":"2026-02-10T19:05:16","date_gmt":"2026-02-10T19:05:16","guid":{"rendered":"https:\/\/pro.thinkbeauty.pt\/loja\/?post_type=product&#038;p=16"},"modified":"2026-03-30T14:29:44","modified_gmt":"2026-03-30T14:29:44","slug":"introducao-a-terapia-capilar-com-rafaela-rocha","status":"publish","type":"product","link":"https:\/\/pro.thinkbeauty.pt\/loja\/produto\/introducao-a-terapia-capilar-com-rafaela-rocha\/","title":{"rendered":"Introdu\u00e7\u00e3o \u00e0 Terapia Capilar com\u00a0Rafaela Rocha"},"content":{"rendered":"<div class=\"gmail_default\">Forma\u00e7\u00e3o<\/div>\n<div class=\"gmail_default\">Introdu\u00e7\u00e3o \u00e0 Terapia Capilar com\u00a0Rafaela Rocha<\/div>\n<div>Local &#8211; Rua Ferreira dos Santos &#8211; Porto<\/div>\n<hr \/>\n<p><strong><img loading=\"lazy\" decoding=\"async\" class=\"size-full wp-image-57 alignleft\" src=\"https:\/\/pro.thinkbeauty.pt\/loja\/wp-content\/uploads\/2026\/02\/icon-rafaela.jpg\" alt=\"\" width=\"150\" height=\"150\" srcset=\"https:\/\/pro.thinkbeauty.pt\/loja\/wp-content\/uploads\/2026\/02\/icon-rafaela.jpg 150w, https:\/\/pro.thinkbeauty.pt\/loja\/wp-content\/uploads\/2026\/02\/icon-rafaela-100x100.jpg 100w\" sizes=\"(max-width: 150px) 100vw, 150px\" \/><\/strong><\/p>\n<p><strong>Rafaela Rocha,<\/strong> formada em Ci\u00eancias Biom\u00e9dicas, \u00e9 Especialista e Formadora em Terapia Capilar Integrativa, reconhecida pela sua abordagem integrativa e baseada na ci\u00eancia. Trabalha maioritariamente com sa\u00fade capilar no seu espa\u00e7o, focando-se na identifica\u00e7\u00e3o da causa e na constru\u00e7\u00e3o de protocolos personalizados. Defende que resultados reais exigem conhecimento, m\u00e9todo e vis\u00e3o cl\u00ednica.<\/p>\n<p>&nbsp;<\/p>\n<hr \/>\n<p>&nbsp;<\/p>\n<p>Para garantir a sua vaga na forma\u00e7\u00e3o,\u00a0<strong>tem de<\/strong> finalizar a compra. S\u00f3 ap\u00f3s o\u00a0<strong>pagamento confirmado<\/strong>\u00a0a sua inscri\u00e7\u00e3o fica garantida.<\/p>\n<h4 id=\"passos-obrigatrios\" class=\"mb-2 mt-4 [.has-inline-images_&amp;]:clear-end font-sans visRefresh2026AnswerSerif:font-editorial font-semimedium visRefresh2026Fonts:font-bold text-base visRefresh2026Fonts:text-lg first:mt-0 md:text-lg [hr+&amp;]:mt-4\">Passos Obrigat\u00f3rios:<\/h4>\n<ol>\n<li>Escolha a op\u00e7\u00e3o de refei\u00e7\u00e3o e clique em \u00a0<strong>&#8220;Adicionar &#8220;<\/strong>, depois <strong>&#8220;Verificar o Carrinho&#8221;<\/strong><\/li>\n<li class=\"my-2 [&amp;+p]:mt-4 [&amp;_strong:has(+br)]:inline-block [&amp;_strong:has(+br)]:pb-2\"><strong>Vai criar a sua ficha de cliente <\/strong>durante o checkout &#8211; preencha os dados com aten\u00e7\u00e3o<\/li>\n<li class=\"my-2 [&amp;+p]:mt-4 [&amp;_strong:has(+br)]:inline-block [&amp;_strong:has(+br)]:pb-2\">Selecione o m\u00e9todo de pagamento na conclus\u00e3o da encomenda<\/li>\n<li class=\"my-2 [&amp;+p]:mt-4 [&amp;_strong:has(+br)]:inline-block [&amp;_strong:has(+br)]:pb-2\"><strong>Fa\u00e7a o pagamento em 24h<\/strong> para garantir a vaga<\/li>\n<\/ol>\n<p>&nbsp;<\/p>\n<div class='et-box et-shadow'>\n\t\t\t\t\t<div class='et-box-content'>Aten\u00e7\u00e3o: Vagas limitadas! A reserva s\u00f3 \u00e9 v\u00e1lida ap\u00f3s rece\u00e7\u00e3o do pagamento.<\/div><\/div>\n","protected":false},"excerpt":{"rendered":"<div>\n<p>(Inclui coffee-break, lanche e almo\u00e7o nos dois dias.)<\/p>\n<p>&nbsp;<\/p>\n<h2 class=\"gmail_default\">19 e 20 abril (dom. e seg.)<\/h2>\n<h3 class=\"gmail_default\">9h-18h<\/h3>\n<h3 class=\"gmail_default\">Porto<\/h3>\n<div class=\"gmail_default\"><\/div>\n<div class=\"gmail_default\">\n<div dir=\"ltr\">Aprenda a cuidar da sa\u00fade capilar dos seus clientes:<\/div>\n<ul>\n<li dir=\"ltr\">Alopecias<\/li>\n<li dir=\"ltr\">Queda de cabelo<\/li>\n<li dir=\"ltr\">Dermatite<\/li>\n<li dir=\"ltr\">Caspa<\/li>\n<li dir=\"ltr\">Oleosidade excessiva<\/li>\n<li dir=\"ltr\">Cabelo seco e quebradi\u00e7o<\/li>\n<\/ul>\n<p>&nbsp;<\/p>\n<\/div>\n<\/div>\n<div>\n<div class=\"gmail_default\"><strong>Inscri\u00e7\u00f5es abertas \/\u00a0Vagas limitadas<\/strong><\/div>\n<div class=\"gmail_default\"><strong><span class=\"gmail_default\"> (Forma\u00e7\u00e3o exclusiva para profissionais)<\/span><\/strong><\/div>\n<\/div>\n<p class=\"my-2 [&amp;+p]:mt-4 [&amp;_strong:has(+br)]:inline-block [&amp;_strong:has(+br)]:pb-2\">\n","protected":false},"featured_media":36,"comment_status":"open","ping_status":"closed","template":"","meta":{"_et_pb_use_builder":"","_et_pb_old_content":"","_et_gb_content_width":""},"product_brand":[],"product_cat":[19],"product_tag":[],"class_list":{"0":"post-16","1":"product","2":"type-product","3":"status-publish","4":"has-post-thumbnail","6":"product_cat-formacao","7":"_wholesalex wsx-wholesalex-product","8":"wcpa_has_options","10":"first","11":"instock","12":"virtual","13":"taxable","14":"purchasable","15":"product-type-simple"},"_links":{"self":[{"href":"https:\/\/pro.thinkbeauty.pt\/loja\/wp-json\/wp\/v2\/product\/16","targetHints":{"allow":["GET"]}}],"collection":[{"href":"https:\/\/pro.thinkbeauty.pt\/loja\/wp-json\/wp\/v2\/product"}],"about":[{"href":"https:\/\/pro.thinkbeauty.pt\/loja\/wp-json\/wp\/v2\/types\/product"}],"replies":[{"embeddable":true,"href":"https:\/\/pro.thinkbeauty.pt\/loja\/wp-json\/wp\/v2\/comments?post=16"}],"wp:featuredmedia":[{"embeddable":true,"href":"https:\/\/pro.thinkbeauty.pt\/loja\/wp-json\/wp\/v2\/media\/36"}],"wp:attachment":[{"href":"https:\/\/pro.thinkbeauty.pt\/loja\/wp-json\/wp\/v2\/media?parent=16"}],"wp:term":[{"taxonomy":"product_brand","embeddable":true,"href":"https:\/\/pro.thinkbeauty.pt\/loja\/wp-json\/wp\/v2\/product_brand?post=16"},{"taxonomy":"product_cat","embeddable":true,"href":"https:\/\/pro.thinkbeauty.pt\/loja\/wp-json\/wp\/v2\/product_cat?post=16"},{"taxonomy":"product_tag","embeddable":true,"href":"https:\/\/pro.thinkbeauty.pt\/loja\/wp-json\/wp\/v2\/product_tag?post=16"}],"curies":[{"name":"wp","href":"https:\/\/api.w.org\/{rel}","templated":true}]}}